{"id":2372,"date":"2024-08-03T16:47:40","date_gmt":"2021-03-09T14:34:09","guid":{"rendered":"https:\/\/ilanasadka.com\/chef\/?page_id=2372"},"modified":"2026-03-30T21:55:06","modified_gmt":"2026-03-30T19:55:06","slug":"kosher-2","status":"publish","type":"page","link":"https:\/\/ilanasadka.com\/chef\/kosher-2\/","title":{"rendered":"Kosher Capabilities"},"content":{"rendered":"<p><img loading=\"lazy\" class=\"wp-image-3505 size-full aligncenter\" src=\"https:\/\/ilanasadka.com\/chef\/wp-content\/uploads\/2024\/09\/Banner-2-5.jpg\" alt=\"\" width=\"1700\" height=\"533\" srcset=\"https:\/\/ilanasadka.com\/chef\/wp-content\/uploads\/2024\/09\/Banner-2-5.jpg 1700w, https:\/\/ilanasadka.com\/chef\/wp-content\/uploads\/2024\/09\/Banner-2-5-300x94.jpg 300w, https:\/\/ilanasadka.com\/chef\/wp-content\/uploads\/2024\/09\/Banner-2-5-1024x321.jpg 1024w, https:\/\/ilanasadka.com\/chef\/wp-content\/uploads\/2024\/09\/Banner-2-5-768x241.jpg 768w, https:\/\/ilanasadka.com\/chef\/wp-content\/uploads\/2024\/09\/Banner-2-5-1536x482.jpg 1536w\" sizes=\"auto, (max-width: 1700px) 100vw, 1700px\" \/><\/p>\n<p style=\"text-align: justify;\">Ilana es una experta Chef con amplia experiencia y est\u00e1 especializada en la creaci\u00f3n de platos deliciosos y diversos, incluyendo opciones kosher. Ilana domina el arte de preparar platos contempor\u00e1neos y tradicionales que cumplen los est\u00e1ndares de las tradiciones culinarias.<\/p>\n<p class=\"p1\" style=\"text-align: justify;\">Ya sea para ocasiones significativas o del d\u00eda a d\u00eda, llana elabora men\u00fas exclusivos e inolvidables adaptados a cada evento. Su experiencia, combinada con recomendaciones personales e institucionales, garantiza la m\u00e1xima calidad de su trabajo. La chef es por todo ello conocida por sus excepcionales habilidades culinarias y su profundo conocimiento de t\u00e9cnicas culinarias.<\/p>\n<p class=\"p1\" style=\"text-align: justify;\">Ser una consumada Chef especializada en cocina contempor\u00e1nea y tradicional, requiere elaborar con destreza una serie de recetas deliciosas e innovadoras, incluidas opciones kosher. Sus creaciones culinarias dan prioridad al uso de verduras, cereales y frutas, y a menudo ofrecen tentadoras e ingeniosas alternativas a la carne y los productos l\u00e1cteos. Estos platos sanos y variados responden a las normas m\u00e1s estrictas de la cocina tradicional y han sido ampliamente aclamados como opciones alimentarias excepcionalmente sanas. Adem\u00e1s, su competencia se extiende al \u00e1mbito del Halal, y su repertorio culinario incluye una selecci\u00f3n de deliciosos platos que cumplen este requisito diet\u00e9tico, muy apreciado por los observadores m\u00e1s exigentes. llana ha perfeccionado su experiencia como chef y gerente en varias instituciones y establecimientos de S\u00e3o Paulo.<\/p>\n<p style=\"text-align: center;\"><img loading=\"lazy\" class=\"alignnone wp-image-4082\" src=\"https:\/\/ilanasadka.com\/chef\/wp-content\/uploads\/2024\/12\/Ilana-Sadka-Berimbaum.png\" alt=\"\" width=\"328\" height=\"122\" srcset=\"https:\/\/ilanasadka.com\/chef\/wp-content\/uploads\/2024\/12\/Ilana-Sadka-Berimbaum.png 640w, https:\/\/ilanasadka.com\/chef\/wp-content\/uploads\/2024\/12\/Ilana-Sadka-Berimbaum-300x112.png 300w\" sizes=\"auto, (max-width: 328px) 100vw, 328px\" \/><\/p>\n<p style=\"text-align: justify;\"><b>Chef \u2013 Via Babush Kosher Restaurant<\/b><\/p>\n<p style=\"text-align: justify;\">Responsable de la creaci\u00f3n y aplicaci\u00f3n del men\u00fa ejecutivo, de la creaci\u00f3n de un buffet especial de ensaladas y platos calientes, as\u00ed como del mantenimiento del servicio \u00aba la carta\u00bb y de la secci\u00f3n de \u00abdelivery\u00bb. Coordinaci\u00f3n y formaci\u00f3n del personal.<\/p>\n<p style=\"text-align: justify;\"><strong>Chef kosher y aulas de cocina en general en la Sinagoga Beit Yaacov de Pinheiros<\/strong><\/p>\n<p style=\"text-align: justify;\">Educaci\u00f3n y elaboraci\u00f3n de apostillas y aulas espec\u00edficas para cada p\u00fablico. Aulas 100% pr\u00e1cticas de comida kosher. Consultor y Chef para eventos y festividades en la Sinagoga durante muchos a\u00f1os.<\/p>\n<p style=\"text-align: justify;\"><b>Chef y co-director \u2013 Yesh Restaurant<\/b><\/p>\n<p style=\"text-align: justify;\">Catering de comida mediterr\u00e1nea, internacional y jud\u00eda. Chef responsable del men\u00fa, dise\u00f1o de platos, coordinaci\u00f3n y selecci\u00f3n del equipo. Responsable de compras y costes.<\/p>\n<p style=\"text-align: justify;\"><b>Gerente de restaurante en Kosher Delight \u2013 Bakery and Buffet<\/b><\/p>\n<p style=\"text-align: justify;\">Empez\u00f3 como consultora externa y acab\u00f3 siendo contratada como supervisora de producci\u00f3n, procedimientos y desarrollo de nuevos productos.<\/p>\n<p>&nbsp;<\/p>\n<p><img loading=\"lazy\" class=\"wp-image-3497 size-full aligncenter\" src=\"https:\/\/ilanasadka.com\/chef\/wp-content\/uploads\/2024\/09\/DS1_99692.jpg\" alt=\"\" width=\"1169\" height=\"551\" srcset=\"https:\/\/ilanasadka.com\/chef\/wp-content\/uploads\/2024\/09\/DS1_99692.jpg 1169w, https:\/\/ilanasadka.com\/chef\/wp-content\/uploads\/2024\/09\/DS1_99692-300x141.jpg 300w, https:\/\/ilanasadka.com\/chef\/wp-content\/uploads\/2024\/09\/DS1_99692-1024x483.jpg 1024w, https:\/\/ilanasadka.com\/chef\/wp-content\/uploads\/2024\/09\/DS1_99692-768x362.jpg 768w\" sizes=\"auto, (max-width: 1169px) 100vw, 1169px\" \/><\/p>\n<p><span style=\"color: #ffffff;\">Best kosher chefs in Spain<\/span><\/p>\n<p style=\"text-align: justify;\">Todas estas experiencias hacen que, en grandes y peque\u00f1as reuniones, celebraciones, encuentros, momentos especiales, ya sea con la familia, amigos, compa\u00f1eros de trabajo o en cualquier otro caso, donde casi siempre acabamos sentados alrededor de una mesa y saboreando una comida que marcar\u00e1 el momento, el resultado sea satisfactorio. Una vez expresados los deseos del cliente y teniendo en cuenta las caracter\u00edsticas y preferencias de cada caso, puede crear men\u00fas exclusivos y personalizados, con productos frescos y saludables, elaborados exclusivamente para agradar y satisfacer a los paladares m\u00e1s exigentes. <span style=\"color: #ffffff;\">Capabilities<\/span><\/p>\n<p>&nbsp;<\/p>\n<p><img loading=\"lazy\" class=\"wp-image-3387 size-full aligncenter\" src=\"https:\/\/ilanasadka.com\/chef\/wp-content\/uploads\/2024\/09\/comida-kosher-barcelona.jpg\" alt=\"kosher barcelona\" width=\"1660\" height=\"310\" srcset=\"https:\/\/ilanasadka.com\/chef\/wp-content\/uploads\/2024\/09\/comida-kosher-barcelona.jpg 1660w, https:\/\/ilanasadka.com\/chef\/wp-content\/uploads\/2024\/09\/comida-kosher-barcelona-300x56.jpg 300w, https:\/\/ilanasadka.com\/chef\/wp-content\/uploads\/2024\/09\/comida-kosher-barcelona-1024x191.jpg 1024w, https:\/\/ilanasadka.com\/chef\/wp-content\/uploads\/2024\/09\/comida-kosher-barcelona-768x143.jpg 768w, https:\/\/ilanasadka.com\/chef\/wp-content\/uploads\/2024\/09\/comida-kosher-barcelona-1536x287.jpg 1536w\" sizes=\"auto, (max-width: 1660px) 100vw, 1660px\" \/><\/p>\n<p>&nbsp;<\/p>\n<p style=\"text-align: justify;\">Un Chef no s\u00f3lo prepara comidas para los clientes, sino que tambi\u00e9n comparte conocimientos culinarios ofreciendo cursos de cocina privados y a medida. Este servicio distintivo prestado por Ilana abarca la formaci\u00f3n del personal y la creaci\u00f3n de cursos exclusivos que se adaptan a las preferencias individuales, los ingredientes disponibles y los diversos entornos, como hogares, barcos y empresas. La excepcional experiencia de Ilana en este campo, junto con su pasi\u00f3n por su oficio y su capacidad para impartir conocimientos, la convierten en una figura destacada en la comunidad culinaria kosher, israel\u00ed y jud\u00eda de Barcelona. Est\u00e1 considerada como una de las 3 mejores chefs de Espa\u00f1a en el \u00e1mbito de la cocina kosher. Para que estas experiencias sean a\u00fan m\u00e1s memorables, es esencial que la comida sea de calidad y est\u00e9 adaptada a los gustos de los comensales. Una vez que se han expresado los deseos del cliente, se puede proceder a dise\u00f1ar men\u00fas exclusivos y personalizados que reflejen las preferencias y necesidades de cada ocasi\u00f3n. Esto implica seleccionar productos frescos y saludables, que no solo deleiten el paladar, sino que tambi\u00e9n aporten un valor nutricional. La atenci\u00f3n al detalle en la elaboraci\u00f3n de cada plato es crucial, ya que cada ingrediente se elige cuidadosamente para garantizar que la experiencia culinaria sea excepcional. As\u00ed, cada reuni\u00f3n, ya sea formal o informal, se transforma en un fest\u00edn que satisface incluso a los paladares m\u00e1s exigentes, dejando a todos los asistentes con una sonrisa y el deseo de repetir la experiencia. En definitiva, la combinaci\u00f3n de buena comida y buena compa\u00f1\u00eda es la receta perfecta para crear recuerdos inolvidables.<\/p>\n<p>&nbsp;<\/p>\n<p><img loading=\"lazy\" class=\"aligncenter size-full wp-image-2588\" src=\"https:\/\/ilanasadka.com\/chef\/wp-content\/uploads\/2024\/08\/k1.jpg\" alt=\"Chef kosher CiB Barcelona\" width=\"1628\" height=\"355\" srcset=\"https:\/\/ilanasadka.com\/chef\/wp-content\/uploads\/2024\/08\/k1.jpg 1628w, https:\/\/ilanasadka.com\/chef\/wp-content\/uploads\/2024\/08\/k1-300x65.jpg 300w, https:\/\/ilanasadka.com\/chef\/wp-content\/uploads\/2024\/08\/k1-1024x223.jpg 1024w, https:\/\/ilanasadka.com\/chef\/wp-content\/uploads\/2024\/08\/k1-768x167.jpg 768w, https:\/\/ilanasadka.com\/chef\/wp-content\/uploads\/2024\/08\/k1-1536x335.jpg 1536w\" sizes=\"auto, (max-width: 1628px) 100vw, 1628px\" \/> <img loading=\"lazy\" class=\"aligncenter size-full wp-image-2589\" src=\"https:\/\/ilanasadka.com\/chef\/wp-content\/uploads\/2024\/08\/k2.jpg\" alt=\"Chef kosher CiB Barcelona\" width=\"1628\" height=\"356\" srcset=\"https:\/\/ilanasadka.com\/chef\/wp-content\/uploads\/2024\/08\/k2.jpg 1628w, https:\/\/ilanasadka.com\/chef\/wp-content\/uploads\/2024\/08\/k2-300x66.jpg 300w, https:\/\/ilanasadka.com\/chef\/wp-content\/uploads\/2024\/08\/k2-1024x224.jpg 1024w, https:\/\/ilanasadka.com\/chef\/wp-content\/uploads\/2024\/08\/k2-768x168.jpg 768w, https:\/\/ilanasadka.com\/chef\/wp-content\/uploads\/2024\/08\/k2-1536x336.jpg 1536w\" sizes=\"auto, (max-width: 1628px) 100vw, 1628px\" \/> <img loading=\"lazy\" class=\"aligncenter wp-image-2590 size-full\" src=\"https:\/\/ilanasadka.com\/chef\/wp-content\/uploads\/2024\/08\/k3.jpg\" alt=\"Chef kosher Barcelona\" width=\"1628\" height=\"355\" srcset=\"https:\/\/ilanasadka.com\/chef\/wp-content\/uploads\/2024\/08\/k3.jpg 1628w, https:\/\/ilanasadka.com\/chef\/wp-content\/uploads\/2024\/08\/k3-300x65.jpg 300w, https:\/\/ilanasadka.com\/chef\/wp-content\/uploads\/2024\/08\/k3-1024x223.jpg 1024w, https:\/\/ilanasadka.com\/chef\/wp-content\/uploads\/2024\/08\/k3-768x167.jpg 768w, https:\/\/ilanasadka.com\/chef\/wp-content\/uploads\/2024\/08\/k3-1536x335.jpg 1536w\" sizes=\"auto, (max-width: 1628px) 100vw, 1628px\" \/> <img loading=\"lazy\" class=\"aligncenter size-full wp-image-2591\" src=\"https:\/\/ilanasadka.com\/chef\/wp-content\/uploads\/2024\/08\/k4.jpg\" alt=\"La mejor Chef kosher en Barcelona\" width=\"1628\" height=\"355\" srcset=\"https:\/\/ilanasadka.com\/chef\/wp-content\/uploads\/2024\/08\/k4.jpg 1628w, https:\/\/ilanasadka.com\/chef\/wp-content\/uploads\/2024\/08\/k4-300x65.jpg 300w, https:\/\/ilanasadka.com\/chef\/wp-content\/uploads\/2024\/08\/k4-1024x223.jpg 1024w, https:\/\/ilanasadka.com\/chef\/wp-content\/uploads\/2024\/08\/k4-768x167.jpg 768w, https:\/\/ilanasadka.com\/chef\/wp-content\/uploads\/2024\/08\/k4-1536x335.jpg 1536w\" sizes=\"auto, (max-width: 1628px) 100vw, 1628px\" \/> <img loading=\"lazy\" class=\"aligncenter size-full wp-image-2592\" src=\"https:\/\/ilanasadka.com\/chef\/wp-content\/uploads\/2024\/08\/k5.jpg\" alt=\"La mejor Chef kosher en Barcelona\" width=\"1628\" height=\"355\" srcset=\"https:\/\/ilanasadka.com\/chef\/wp-content\/uploads\/2024\/08\/k5.jpg 1628w, https:\/\/ilanasadka.com\/chef\/wp-content\/uploads\/2024\/08\/k5-300x65.jpg 300w, https:\/\/ilanasadka.com\/chef\/wp-content\/uploads\/2024\/08\/k5-1024x223.jpg 1024w, https:\/\/ilanasadka.com\/chef\/wp-content\/uploads\/2024\/08\/k5-768x167.jpg 768w, https:\/\/ilanasadka.com\/chef\/wp-content\/uploads\/2024\/08\/k5-1536x335.jpg 1536w\" sizes=\"auto, (max-width: 1628px) 100vw, 1628px\" \/> <img loading=\"lazy\" class=\"aligncenter size-full wp-image-2593\" src=\"https:\/\/ilanasadka.com\/chef\/wp-content\/uploads\/2024\/08\/k6.jpg\" alt=\"La mejor Chef kosher en Barcelona\" width=\"1628\" height=\"355\" srcset=\"https:\/\/ilanasadka.com\/chef\/wp-content\/uploads\/2024\/08\/k6.jpg 1628w, https:\/\/ilanasadka.com\/chef\/wp-content\/uploads\/2024\/08\/k6-300x65.jpg 300w, https:\/\/ilanasadka.com\/chef\/wp-content\/uploads\/2024\/08\/k6-1024x223.jpg 1024w, https:\/\/ilanasadka.com\/chef\/wp-content\/uploads\/2024\/08\/k6-768x167.jpg 768w, https:\/\/ilanasadka.com\/chef\/wp-content\/uploads\/2024\/08\/k6-1536x335.jpg 1536w\" sizes=\"auto, (max-width: 1628px) 100vw, 1628px\" \/> <img loading=\"lazy\" class=\"aligncenter size-full wp-image-2594\" src=\"https:\/\/ilanasadka.com\/chef\/wp-content\/uploads\/2024\/08\/k7.jpg\" alt=\"La mejor Chef kosher en Barcelona\" width=\"1628\" height=\"355\" srcset=\"https:\/\/ilanasadka.com\/chef\/wp-content\/uploads\/2024\/08\/k7.jpg 1628w, https:\/\/ilanasadka.com\/chef\/wp-content\/uploads\/2024\/08\/k7-300x65.jpg 300w, https:\/\/ilanasadka.com\/chef\/wp-content\/uploads\/2024\/08\/k7-1024x223.jpg 1024w, https:\/\/ilanasadka.com\/chef\/wp-content\/uploads\/2024\/08\/k7-768x167.jpg 768w, https:\/\/ilanasadka.com\/chef\/wp-content\/uploads\/2024\/08\/k7-1536x335.jpg 1536w\" sizes=\"auto, (max-width: 1628px) 100vw, 1628px\" \/><\/p>\n<p>&nbsp;<\/p>\n<p style=\"text-align: justify;\">Ilana est\u00e1 especializada en el desarrollo y la formaci\u00f3n de personas y equipos para entornos privados y para empresas de catering. Su apoyo va desde ayudarle a preparar y optimizar un men\u00fa, o elaborar las especificaciones t\u00e9cnicas de los platos, hasta supervisar el control de existencias o la lista de la compra. Sus servicios incluyen la formaci\u00f3n de personal en t\u00e9cnicas de manipulaci\u00f3n de alimentos y cocina. Tambi\u00e9n a la hora de manipular alimentos especiales (si es necesario) y asesoramiento en toda la adaptaci\u00f3n necesaria para poder atender a estos p\u00fablicos espec\u00edficos. Orientaci\u00f3n sobre almacenamiento, mantenimiento y optimizaci\u00f3n de ingredientes, entre otros aspectos importantes. Contribuci\u00f3n al fortalecimiento de las pol\u00edticas de seguridad alimentaria; as\u00ed como de las normas y protocolos internos de cada local.<\/p>\n<p style=\"text-align: justify;\">De ah\u00ed que no pueda exagerarse el car\u00e1cter imperativo de la interacci\u00f3n interpersonal y de los esfuerzos de colaboraci\u00f3n cuando nos enfrentamos a estos obst\u00e1culos. Ilana est\u00e1 aqu\u00ed para ofrecerle su ayuda, y le anima a que se ponga en contacto sin dudarlo, sabiendo que est\u00e1 preparada para ampliar los servicios a cualquier lugar del mundo si as\u00ed lo requiere un buen cliente. Nos enorgullecemos de ofrecer una experiencia personalizada de alta calidad.<\/p>\n<p>&nbsp;<\/p>\n<blockquote>\n<p style=\"text-align: center;\">Para adquirir este nivel de calidad reconocible, no basta con saber hacer. En esta profesi\u00f3n es fundamental conocer las cocinas cuyas referencias te interesan y experimentar en diferentes lugares y culturas para tratar de extraer lo que te parece mejor de cada estilo y forma de hacer las cosas. Es un esfuerzo y una inversi\u00f3n profesional importante, pero que se traduce inmediatamente en la satisfacci\u00f3n de los clientes.<\/p>\n<\/blockquote>\n<p>&nbsp;<\/p>\n<p style=\"text-align: center;\"><img loading=\"lazy\" class=\"aligncenter wp-image-2737\" src=\"https:\/\/ilanasadka.com\/chef\/wp-content\/uploads\/2024\/08\/ilas-world.jpg\" alt=\"Chef kosher CiB Barcelona\" width=\"1077\" height=\"438\" srcset=\"https:\/\/ilanasadka.com\/chef\/wp-content\/uploads\/2024\/08\/ilas-world.jpg 1028w, https:\/\/ilanasadka.com\/chef\/wp-content\/uploads\/2024\/08\/ilas-world-300x122.jpg 300w, https:\/\/ilanasadka.com\/chef\/wp-content\/uploads\/2024\/08\/ilas-world-1024x416.jpg 1024w, https:\/\/ilanasadka.com\/chef\/wp-content\/uploads\/2024\/08\/ilas-world-768x312.jpg 768w\" sizes=\"auto, (max-width: 1077px) 100vw, 1077px\" \/><\/p>\n<h4 style=\"text-align: center;\">La experiencia de Ilana Sadka no es solo kosher.<\/h4>\n<h3 style=\"text-align: center;\"><span style=\"color: #ff6600;\"><a style=\"color: #ff6600;\" href=\"https:\/\/ilanasadka.com\/chef\/ilana-sadka-la-destacada-chef-internacional\/\">Conozca su cocina internacional.<\/a><\/span><\/h3>\n<p style=\"text-align: center;\"><img loading=\"lazy\" class=\"alignnone wp-image-3397\" src=\"https:\/\/ilanasadka.com\/chef\/wp-content\/uploads\/2024\/09\/proteccion.png\" alt=\"\" width=\"40\" height=\"42\" \/><\/p>\n<p style=\"text-align: center;\"><img loading=\"lazy\" class=\"wp-image-3507 size-full aligncenter\" src=\"https:\/\/ilanasadka.com\/chef\/wp-content\/uploads\/2024\/09\/Banner-2-4.jpg\" alt=\"\" width=\"1700\" height=\"533\" srcset=\"https:\/\/ilanasadka.com\/chef\/wp-content\/uploads\/2024\/09\/Banner-2-4.jpg 1700w, https:\/\/ilanasadka.com\/chef\/wp-content\/uploads\/2024\/09\/Banner-2-4-300x94.jpg 300w, https:\/\/ilanasadka.com\/chef\/wp-content\/uploads\/2024\/09\/Banner-2-4-1024x321.jpg 1024w, https:\/\/ilanasadka.com\/chef\/wp-content\/uploads\/2024\/09\/Banner-2-4-768x241.jpg 768w, https:\/\/ilanasadka.com\/chef\/wp-content\/uploads\/2024\/09\/Banner-2-4-1536x482.jpg 1536w\" sizes=\"auto, (max-width: 1700px) 100vw, 1700px\" \/><\/p>\n<h2><span style=\"color: #ffffff;\">Celebrity Kosher Chef<\/span><\/h2>\n<p style=\"text-align: right;\">[alg_back_button label=\u00bbVolver atr\u00e1s\u00bb]<\/p>\n<p><span style=\"color: #ffffff;\">kosher Barcelona<\/span><\/p>\n<p><span style=\"color: #ffffff;\">Chef kosher en Barcelona, La mejor chef kosher de Barcelona, Kosher, Cocina internacional, Chef de la CiB Comunidad Israelita de Barcelona<\/span><\/p>\n","protected":false},"excerpt":{"rendered":"<p>Ilana es una experta Chef con amplia experiencia y est\u00e1 especializada en la creaci\u00f3n de platos deliciosos y diversos, incluyendo opciones kosher. Ilana domina el arte de preparar platos contempor\u00e1neos [&hellip;]<\/p>\n","protected":false},"author":1,"featured_media":0,"parent":0,"menu_order":8,"comment_status":"closed","ping_status":"closed","template":"","meta":{"footnotes":""},"class_list":["post-2372","page","type-page","status-publish","hentry"],"blocksy_meta":[],"_links":{"self":[{"href":"https:\/\/ilanasadka.com\/chef\/wp-json\/wp\/v2\/pages\/2372","targetHints":{"allow":["GET"]}}],"collection":[{"href":"https:\/\/ilanasadka.com\/chef\/wp-json\/wp\/v2\/pages"}],"about":[{"href":"https:\/\/ilanasadka.com\/chef\/wp-json\/wp\/v2\/types\/page"}],"author":[{"embeddable":true,"href":"https:\/\/ilanasadka.com\/chef\/wp-json\/wp\/v2\/users\/1"}],"replies":[{"embeddable":true,"href":"https:\/\/ilanasadka.com\/chef\/wp-json\/wp\/v2\/comments?post=2372"}],"version-history":[{"count":117,"href":"https:\/\/ilanasadka.com\/chef\/wp-json\/wp\/v2\/pages\/2372\/revisions"}],"predecessor-version":[{"id":4686,"href":"https:\/\/ilanasadka.com\/chef\/wp-json\/wp\/v2\/pages\/2372\/revisions\/4686"}],"wp:attachment":[{"href":"https:\/\/ilanasadka.com\/chef\/wp-json\/wp\/v2\/media?parent=2372"}],"curies":[{"name":"wp","href":"https:\/\/api.w.org\/{rel}","templated":true}]}}