{"id":2434,"date":"2024-08-03T16:53:11","date_gmt":"2021-03-09T09:03:37","guid":{"rendered":"https:\/\/ilanasadka.com\/chef\/?page_id=2434"},"modified":"2026-04-06T19:14:43","modified_gmt":"2026-04-06T17:14:43","slug":"experiencia-como-chef-kosher-en-barcelona","status":"publish","type":"page","link":"https:\/\/ilanasadka.com\/chef\/experiencia-como-chef-kosher-en-barcelona\/","title":{"rendered":"Me &#038; kosher"},"content":{"rendered":"<p><img loading=\"lazy\" class=\"aligncenter wp-image-3178 size-full\" src=\"https:\/\/ilanasadka.com\/chef\/wp-content\/uploads\/2024\/09\/rollo-1.jpg\" alt=\"\" width=\"1700\" height=\"533\" srcset=\"https:\/\/ilanasadka.com\/chef\/wp-content\/uploads\/2024\/09\/rollo-1.jpg 1700w, https:\/\/ilanasadka.com\/chef\/wp-content\/uploads\/2024\/09\/rollo-1-300x94.jpg 300w, https:\/\/ilanasadka.com\/chef\/wp-content\/uploads\/2024\/09\/rollo-1-1024x321.jpg 1024w, https:\/\/ilanasadka.com\/chef\/wp-content\/uploads\/2024\/09\/rollo-1-768x241.jpg 768w, https:\/\/ilanasadka.com\/chef\/wp-content\/uploads\/2024\/09\/rollo-1-1536x482.jpg 1536w\" sizes=\"auto, (max-width: 1700px) 100vw, 1700px\" \/><\/p>\n<p style=\"text-align: justify;\">\u00abCon una trayectoria que fusiona la tradici\u00f3n milenaria con las t\u00e9cnicas de vanguardia, Ilana Sadka se ha consolidado como la chef kosher de referencia en Europa. Su propuesta culinaria trasciende fronteras, elevando el est\u00e1ndar del catering de lujo y la gastronom\u00eda de autor bajo la m\u00e1s estricta excelencia. Desde Barcelona para todo el continente, Ilana lidera la escena kosher europea con una visi\u00f3n moderna, sofisticada y aut\u00e9ntica.<\/p>\n<p style=\"text-align: justify;\">\u00abEso es lo que yo quer\u00eda. Creaba y desarrollaba sabores y aromas donde la gente pudiera sentirse bien, ya fuera simplemente para comer o para probar nuevas experiencias o incluso revivir recuerdos de sabores de la infancia o momentos maravillosos. Mi padre era de Israel y mi madre nacida en Uruguay, de una familia polaca que tuvo que huir de la guerra. Sabores de las dos vertientes llenaron mi infancia junto al colorido y a los olores del Brasil, pues nac\u00ed en Sao Paulo. Me embarqu\u00e9 en la b\u00fasqueda de mi realizaci\u00f3n personal, estudiando, investigando, probando, perseverando y cometiendo errores, hasta que yo misma redescubr\u00ed la cocina como un estilo de vida y una experiencia internacional. As\u00ed naci\u00f3 la cocinera y m\u00e1s tarde la Chef, Ilana Sadka.<\/p>\n<p style=\"text-align: justify;\">Desde ni\u00f1a siempre me han gustado los aromas, los ingredientes y la alquimia de la cocina. Antes mismo de estudiar y practicar, desarroll\u00e9 el gusto por la cocina leyendo libros, viendo pel\u00edculas y coleccionando libros de cocina, recetas de revistas y peri\u00f3dicos. Al principio, cocinar pasteles y dulces era mi pasatiempo favorito. Poco a poco adquir\u00ed el placer de cocinar platos cotidianos y de buscar formas de dejar mi huella personal.<\/p>\n<p>&nbsp;<\/p>\n<h2 style=\"text-align: center;\">Apasionada por las especias y los condimentos<\/h2>\n<p>&nbsp;<\/p>\n<p style=\"text-align: justify;\">Mi curiosidad me hizo buscar sus or\u00edgenes y c\u00f3mo utilizarlos de la mejor manera. Fue en esta b\u00fasqueda cuando me di cuenta de la necesidad de aprender las t\u00e9cnicas y conceptos b\u00e1sicos de la cocina y luego combinar la imaginaci\u00f3n con la intuici\u00f3n para crear mi propio estilo culinario.<\/p>\n<p style=\"text-align: justify;\">As\u00ed empec\u00e9 a preparar platos que me gustaban especialmente, como quiches y burekas, experimentando con distintas mezclas y sabores. Tambi\u00e9n desarroll\u00e9 mi propio m\u00e9todo de curado y ahumado de la carne para hacer pastrami, al estilo neoyorquino. Un falafel como ning\u00fan otro, dicen, basado en la receta familiar tradicional israel\u00ed, que se convirti\u00f3 en un diferencial de mi cocina, entre otras muchas recetas. Cocina mediterr\u00e1nea. Sabores.<\/p>\n<p style=\"text-align: center;\"><img loading=\"lazy\" class=\"aligncenter wp-image-2539 size-full\" src=\"https:\/\/ilanasadka.com\/chef\/wp-content\/uploads\/2024\/08\/Sin-titulo-1-1.png\" alt=\"La mejor Chef kosher\" width=\"1047\" height=\"348\" srcset=\"https:\/\/ilanasadka.com\/chef\/wp-content\/uploads\/2024\/08\/Sin-titulo-1-1.png 1047w, https:\/\/ilanasadka.com\/chef\/wp-content\/uploads\/2024\/08\/Sin-titulo-1-1-300x100.png 300w, https:\/\/ilanasadka.com\/chef\/wp-content\/uploads\/2024\/08\/Sin-titulo-1-1-1024x340.png 1024w, https:\/\/ilanasadka.com\/chef\/wp-content\/uploads\/2024\/08\/Sin-titulo-1-1-768x255.png 768w\" sizes=\"auto, (max-width: 1047px) 100vw, 1047px\" \/><\/p>\n<p style=\"text-align: center;\">En mis viajes busco conocer lugares emblem\u00e1ticos para aportar nuevas ideas y adaptaciones que conviertan lo simple en sofisticado y lo sencillo en algo bello.<\/p>\n<blockquote>\n<p style=\"text-align: justify;\">Busco que mi cocina tenga vida, preservando la calidad de los alimentos, cocino con placer, equilibrio y correcci\u00f3n. Para que los comensales noten la diferencia y est\u00e9n bien atendidos, viviendo esa nueva experiencia. Pocas cosas me hacen m\u00e1s feliz en mi trabajo.<\/p>\n<\/blockquote>\n<p>&nbsp;<\/p>\n<p style=\"text-align: center;\"><img loading=\"lazy\" class=\"wp-image-3590 size-full aligncenter\" src=\"https:\/\/ilanasadka.com\/chef\/wp-content\/uploads\/2024\/09\/bannerilana.jpg\" alt=\"\" width=\"1648\" height=\"468\" srcset=\"https:\/\/ilanasadka.com\/chef\/wp-content\/uploads\/2024\/09\/bannerilana.jpg 1648w, https:\/\/ilanasadka.com\/chef\/wp-content\/uploads\/2024\/09\/bannerilana-300x85.jpg 300w, https:\/\/ilanasadka.com\/chef\/wp-content\/uploads\/2024\/09\/bannerilana-1024x291.jpg 1024w, https:\/\/ilanasadka.com\/chef\/wp-content\/uploads\/2024\/09\/bannerilana-768x218.jpg 768w, https:\/\/ilanasadka.com\/chef\/wp-content\/uploads\/2024\/09\/bannerilana-1536x436.jpg 1536w\" sizes=\"auto, (max-width: 1648px) 100vw, 1648px\" \/><\/p>\n<h6 style=\"text-align: justify;\"><\/h6>\n<p style=\"text-align: center;\"><em>Ilana, como cocinera t\u00e9cnica, tuvo la oportunidad de participar en la inauguraci\u00f3n del restaurante La Liga Twenty Nine&#8217;s de Salou, que forma parte de la LFP-liga de f\u00fatbol profesional espa\u00f1ola. Este restaurante cuenta con otras dos unidades situadas en Madrid y Doha (Qatar). Hoy en d\u00eda, Ilana\u00a0 trabaja en la ciudad de Barcelona.<\/em><\/p>\n<p>&nbsp;<\/p>\n<p><img loading=\"lazy\" class=\"size-full wp-image-2830\" src=\"https:\/\/ilanasadka.com\/chef\/wp-content\/uploads\/2024\/08\/Platos-ilana.jpg\" alt=\"La mejor Chef kosher en Barcelona\" width=\"2208\" height=\"348\" srcset=\"https:\/\/ilanasadka.com\/chef\/wp-content\/uploads\/2024\/08\/Platos-ilana.jpg 2208w, https:\/\/ilanasadka.com\/chef\/wp-content\/uploads\/2024\/08\/Platos-ilana-300x47.jpg 300w, https:\/\/ilanasadka.com\/chef\/wp-content\/uploads\/2024\/08\/Platos-ilana-1024x161.jpg 1024w, https:\/\/ilanasadka.com\/chef\/wp-content\/uploads\/2024\/08\/Platos-ilana-768x121.jpg 768w, https:\/\/ilanasadka.com\/chef\/wp-content\/uploads\/2024\/08\/Platos-ilana-1536x242.jpg 1536w, https:\/\/ilanasadka.com\/chef\/wp-content\/uploads\/2024\/08\/Platos-ilana-2048x323.jpg 2048w\" sizes=\"auto, (max-width: 2208px) 100vw, 2208px\" \/><\/p>\n<p><span style=\"color: #ffffff;\">kosher celebrity<\/span><\/p>\n<p>&nbsp;<\/p>\n<p style=\"text-align: center;\"><img loading=\"lazy\" class=\"aligncenter wp-image-4737 size-full\" src=\"https:\/\/ilanasadka.com\/chef\/wp-content\/uploads\/2026\/04\/1-Chef-ilana-Sadka.jpeg\" alt=\"\" width=\"1280\" height=\"331\" srcset=\"https:\/\/ilanasadka.com\/chef\/wp-content\/uploads\/2026\/04\/1-Chef-ilana-Sadka.jpeg 1280w, https:\/\/ilanasadka.com\/chef\/wp-content\/uploads\/2026\/04\/1-Chef-ilana-Sadka-300x78.jpeg 300w, https:\/\/ilanasadka.com\/chef\/wp-content\/uploads\/2026\/04\/1-Chef-ilana-Sadka-1024x265.jpeg 1024w, https:\/\/ilanasadka.com\/chef\/wp-content\/uploads\/2026\/04\/1-Chef-ilana-Sadka-768x199.jpeg 768w\" sizes=\"auto, (max-width: 1280px) 100vw, 1280px\" \/><\/p>\n<p>&nbsp;<\/p>\n<p style=\"text-align: center;\"><img loading=\"lazy\" class=\"aligncenter wp-image-4699 \" src=\"https:\/\/ilanasadka.com\/chef\/wp-content\/uploads\/2026\/04\/kft.png\" alt=\"\" width=\"101\" height=\"101\" \/><\/p>\n<p>&nbsp;<\/p>\n<p style=\"text-align: center;\"><img loading=\"lazy\" class=\"size-full wp-image-3477 aligncenter\" src=\"https:\/\/ilanasadka.com\/chef\/wp-content\/uploads\/2024\/09\/banner-chef-ilana-Sadka-scaled.jpg\" alt=\"\" width=\"2560\" height=\"733\" srcset=\"https:\/\/ilanasadka.com\/chef\/wp-content\/uploads\/2024\/09\/banner-chef-ilana-Sadka-scaled.jpg 2560w, https:\/\/ilanasadka.com\/chef\/wp-content\/uploads\/2024\/09\/banner-chef-ilana-Sadka-300x86.jpg 300w, https:\/\/ilanasadka.com\/chef\/wp-content\/uploads\/2024\/09\/banner-chef-ilana-Sadka-1024x293.jpg 1024w, https:\/\/ilanasadka.com\/chef\/wp-content\/uploads\/2024\/09\/banner-chef-ilana-Sadka-768x220.jpg 768w, https:\/\/ilanasadka.com\/chef\/wp-content\/uploads\/2024\/09\/banner-chef-ilana-Sadka-1536x440.jpg 1536w, https:\/\/ilanasadka.com\/chef\/wp-content\/uploads\/2024\/09\/banner-chef-ilana-Sadka-2048x587.jpg 2048w\" sizes=\"auto, (max-width: 2560px) 100vw, 2560px\" \/><\/p>\n<p>&nbsp;<\/p>\n<p>&nbsp;<\/p>\n<p style=\"text-align: right;\">[alg_back_button label=\u00bbVolver atr\u00e1s\u00bb]<\/p>\n<p class=\"p1\"><span style=\"color: #ffffff;\">kosher barcelona, comida jud\u00eda en Barcelona, comida kosher en barcelona, cocinera sinagoga cib, chef sinagoga cib, cocina cib comunitat jueva, comida shabbat barcelona, Jabad, Chabad, Jalot barcelona, Chal\u00e1 barcelona<\/span><\/p>\n<p><span style=\"color: #ffffff;\">Chef kosher en Barcelona, La mejor chef de Barcelona, Kosher, Cocina internacional.<\/span><\/p>\n<h2><span style=\"color: #ffffff;\">Celebrity Chef<\/span><\/h2>\n","protected":false},"excerpt":{"rendered":"<p>\u00abCon una trayectoria que fusiona la tradici\u00f3n milenaria con las t\u00e9cnicas de vanguardia, Ilana Sadka se ha consolidado como la chef kosher de referencia en Europa. Su propuesta culinaria trasciende [&hellip;]<\/p>\n","protected":false},"author":1,"featured_media":0,"parent":0,"menu_order":6,"comment_status":"closed","ping_status":"closed","template":"","meta":{"footnotes":""},"class_list":["post-2434","page","type-page","status-publish","hentry"],"blocksy_meta":[],"_links":{"self":[{"href":"https:\/\/ilanasadka.com\/chef\/wp-json\/wp\/v2\/pages\/2434","targetHints":{"allow":["GET"]}}],"collection":[{"href":"https:\/\/ilanasadka.com\/chef\/wp-json\/wp\/v2\/pages"}],"about":[{"href":"https:\/\/ilanasadka.com\/chef\/wp-json\/wp\/v2\/types\/page"}],"author":[{"embeddable":true,"href":"https:\/\/ilanasadka.com\/chef\/wp-json\/wp\/v2\/users\/1"}],"replies":[{"embeddable":true,"href":"https:\/\/ilanasadka.com\/chef\/wp-json\/wp\/v2\/comments?post=2434"}],"version-history":[{"count":85,"href":"https:\/\/ilanasadka.com\/chef\/wp-json\/wp\/v2\/pages\/2434\/revisions"}],"predecessor-version":[{"id":4333,"href":"https:\/\/ilanasadka.com\/chef\/wp-json\/wp\/v2\/pages\/2434\/revisions\/4333"}],"wp:attachment":[{"href":"https:\/\/ilanasadka.com\/chef\/wp-json\/wp\/v2\/media?parent=2434"}],"curies":[{"name":"wp","href":"https:\/\/api.w.org\/{rel}","templated":true}]}}